{"id":2291,"date":"2021-03-31T09:38:32","date_gmt":"2021-03-31T09:38:32","guid":{"rendered":"http:\/\/zaracaytv.com\/?page_id=2291"},"modified":"2022-06-18T12:45:32","modified_gmt":"2022-06-18T12:45:32","slug":"about","status":"publish","type":"page","link":"https:\/\/zaracaytv.com\/?page_id=2291","title":{"rendered":"Nosotros"},"content":{"rendered":"<body>\t\t<div data-elementor-type=\"wp-page\" data-elementor-id=\"2291\" class=\"elementor elementor-2291\">\n\t\t\t\t\t\t<section class=\"elementor-section elementor-top-section elementor-element elementor-element-901fef4 elementor-section-boxed elementor-section-height-default elementor-section-height-default\" data-id=\"901fef4\" data-element_type=\"section\" data-e-type=\"section\">\n\t\t\t\t\t\t<div class=\"elementor-container elementor-column-gap-default\">\n\t\t\t\t\t<div class=\"elementor-column elementor-col-100 elementor-top-column elementor-element elementor-element-fec37f2\" data-id=\"fec37f2\" data-element_type=\"column\" data-e-type=\"column\">\n\t\t\t<div class=\"elementor-widget-wrap elementor-element-populated\">\n\t\t\t\t\t\t<section class=\"elementor-section elementor-inner-section elementor-element elementor-element-b92e582 elementor-section-boxed elementor-section-height-default elementor-section-height-default\" data-id=\"b92e582\" data-element_type=\"section\" data-e-type=\"section\">\n\t\t\t\t\t\t<div class=\"elementor-container elementor-column-gap-default\">\n\t\t\t\t\t<div class=\"elementor-column elementor-col-100 elementor-inner-column elementor-element elementor-element-494c8c5\" data-id=\"494c8c5\" data-element_type=\"column\" data-e-type=\"column\">\n\t\t\t<div class=\"elementor-widget-wrap elementor-element-populated\">\n\t\t\t\t\t\t<div class=\"elementor-element elementor-element-ad7e9d8 elementor-widget elementor-widget-image\" data-id=\"ad7e9d8\" data-element_type=\"widget\" data-e-type=\"widget\" data-widget_type=\"image.default\">\n\t\t\t\t<div class=\"elementor-widget-container\">\n\t\t\t\t\t\t\t\t\t\t\t\t\t\t\t<img loading=\"lazy\" decoding=\"async\" width=\"1370\" height=\"700\" src=\"https:\/\/zaracaytv.com\/wp-content\/uploads\/2021\/03\/about-thumb.jpg\" class=\"attachment-full size-full wp-image-2298\" alt=\"\" srcset=\"https:\/\/zaracaytv.com\/wp-content\/uploads\/2021\/03\/about-thumb.jpg 1370w, https:\/\/zaracaytv.com\/wp-content\/uploads\/2021\/03\/about-thumb-300x153.jpg 300w, https:\/\/zaracaytv.com\/wp-content\/uploads\/2021\/03\/about-thumb-768x392.jpg 768w, https:\/\/zaracaytv.com\/wp-content\/uploads\/2021\/03\/about-thumb-1024x523.jpg 1024w, https:\/\/zaracaytv.com\/wp-content\/uploads\/2021\/03\/about-thumb-570x291.jpg 570w, https:\/\/zaracaytv.com\/wp-content\/uploads\/2021\/03\/about-thumb-270x138.jpg 270w, https:\/\/zaracaytv.com\/wp-content\/uploads\/2021\/03\/about-thumb-441x225.jpg 441w\" sizes=\"auto, (max-width: 1370px) 100vw, 1370px\" loading=\"lazy\">\t\t\t\t\t\t\t\t\t\t\t\t\t\t\t<\/div>\n\t\t\t\t<\/div>\n\t\t\t\t\t<\/div>\n\t\t<\/div>\n\t\t\t\t\t<\/div>\n\t\t<\/section>\n\t\t\t\t<section class=\"elementor-section elementor-inner-section elementor-element elementor-element-619390e elementor-section-boxed elementor-section-height-default elementor-section-height-default\" data-id=\"619390e\" data-element_type=\"section\" data-e-type=\"section\">\n\t\t\t\t\t\t<div class=\"elementor-container elementor-column-gap-extended\">\n\t\t\t\t\t<div class=\"elementor-column elementor-col-50 elementor-inner-column elementor-element elementor-element-2cd24a2\" data-id=\"2cd24a2\" data-element_type=\"column\" data-e-type=\"column\">\n\t\t\t<div class=\"elementor-widget-wrap elementor-element-populated\">\n\t\t\t\t\t\t<div class=\"elementor-element elementor-element-7219b20 elementor-widget elementor-widget-Element_Ready_Area_Title_Widget\" data-id=\"7219b20\" data-element_type=\"widget\" data-e-type=\"widget\" data-widget_type=\"Element_Ready_Area_Title_Widget.default\">\n\t\t\t\t<div class=\"elementor-widget-container\">\n\t\t\t\t\t<div class=\"area__content\">\t\t\r\n\t\t\t\t\r\n\t\t\t\t<h3 class=\"area__title\"><div><p class=\"Standard\"><b>HISTORIA<\/b><\/p><\/div><\/h3>\r\n\t\t\t\t<div class=\"area__description\"><div>\n<p class=\"Standard\">En 1999, Radio Zaracay cumpli\u00f3 40 a\u00f1os de servicio al pa\u00eds, y H\u00f3lger dio un paso trascendental en el a\u00f1o 2000 con la instalaci\u00f3n del m\u00e1s moderno medio de comunicaci\u00f3n, Zaracay TV-Canal 5 de televisi\u00f3n.\u00a0 Su deseo era promover el desarrollo de la regi\u00f3n y su zona de influencia.<\/p>\n<\/div>\n<div>\n<p class=\"Standard\">\u00a0<\/p>\n<\/div>\n<div>\n<p class=\"Standard\">En efecto, la regi\u00f3n de Santo Domingo de los Colorados contin\u00faa atrayendo inversiones que se vieron fortalecidas con el servicio de un medio de comunicaci\u00f3n tan importante como Zaracay TV-Canal 5, que promueve la riqueza de esta regi\u00f3n, su gran producci\u00f3n agr\u00edcola y sus actividades, de todas las instituciones sociales, culturales y deportivas.<\/p>\n<\/div>\n<div>\n<p class=\"Standard\">Desde un primer momento se hizo cargo de la direcci\u00f3n Per\u00edcles Velastegu\u00ed Ram\u00edrez, quien organiza la producci\u00f3n de noticieros, programas dedicados a la mujer y el hogar, espect\u00e1culos art\u00edsticos y eventos deportivos.\u00a0<\/p>\n<\/div>\n<\/div>\r\n\t\t\t\t<\/div>\t\t\t\t<\/div>\n\t\t\t\t<\/div>\n\t\t\t\t\t<\/div>\n\t\t<\/div>\n\t\t\t\t<div class=\"elementor-column elementor-col-50 elementor-inner-column elementor-element elementor-element-c51d4bb\" data-id=\"c51d4bb\" data-element_type=\"column\" data-e-type=\"column\">\n\t\t\t<div class=\"elementor-widget-wrap\">\n\t\t\t\t\t\t\t<\/div>\n\t\t<\/div>\n\t\t\t\t\t<\/div>\n\t\t<\/section>\n\t\t\t\t\t<\/div>\n\t\t<\/div>\n\t\t\t\t\t<\/div>\n\t\t<\/section>\n\t\t\t\t<section class=\"elementor-section elementor-top-section elementor-element elementor-element-7045293 elementor-section-boxed elementor-section-height-default elementor-section-height-default\" data-id=\"7045293\" data-element_type=\"section\" data-e-type=\"section\">\n\t\t\t\t\t\t<div class=\"elementor-container elementor-column-gap-default\">\n\t\t\t\t\t<div class=\"elementor-column elementor-col-100 elementor-top-column elementor-element elementor-element-c86ca73\" data-id=\"c86ca73\" data-element_type=\"column\" data-e-type=\"column\">\n\t\t\t<div class=\"elementor-widget-wrap elementor-element-populated\">\n\t\t\t\t\t\t<section class=\"elementor-section elementor-inner-section elementor-element elementor-element-e4eba8b elementor-section-boxed elementor-section-height-default elementor-section-height-default\" data-id=\"e4eba8b\" data-element_type=\"section\" data-e-type=\"section\">\n\t\t\t\t\t\t<div class=\"elementor-container elementor-column-gap-default\">\n\t\t\t\t\t<div class=\"elementor-column elementor-col-50 elementor-inner-column elementor-element elementor-element-c653f5d\" data-id=\"c653f5d\" data-element_type=\"column\" data-e-type=\"column\">\n\t\t\t<div class=\"elementor-widget-wrap elementor-element-populated\">\n\t\t\t\t\t\t<div class=\"elementor-element elementor-element-494399e elementor-position-inline-start elementor-view-default elementor-mobile-position-block-start elementor-widget elementor-widget-icon-box\" data-id=\"494399e\" data-element_type=\"widget\" data-e-type=\"widget\" data-widget_type=\"icon-box.default\">\n\t\t\t\t<div class=\"elementor-widget-container\">\n\t\t\t\t\t\t\t<div class=\"elementor-icon-box-wrapper\">\n\n\t\t\t\t\t\t<div class=\"elementor-icon-box-icon\">\n\t\t\t\t<span class=\"elementor-icon\">\n\t\t\t\t<i aria-hidden=\"true\" class=\"far fa-gem\"><\/i>\t\t\t\t<\/span>\n\t\t\t<\/div>\n\t\t\t\n\t\t\t\t\t\t<div class=\"elementor-icon-box-content\">\n\n\t\t\t\t\t\t\t\t\t<h3 class=\"elementor-icon-box-title\">\n\t\t\t\t\t\t<span>\n\t\t\t\t\t\t\tMISI\u00d3N\t\t\t\t\t\t<\/span>\n\t\t\t\t\t<\/h3>\n\t\t\t\t\n\t\t\t\t\t\t\t\t\t<p class=\"elementor-icon-box-description\">\n\t\t\t\t\t\tSomos una empresa que brinda una programaci\u00f3n televisiva de calidad, sirviendo a la provincia de Santo Domingo de los Ts\u00e1chilas, al nor-occidente de Pichincha, norte de Manab\u00ed y Esmeraldas con \u00e9tica, m\u00edstica y responsabilidad.\nEstamos conformados por un personal efectivo y creativo, comprometido con la empresa que, junto a una tecnolog\u00eda de punta, lideramos el mercado.\n\t\t\t\t\t<\/p>\n\t\t\t\t\n\t\t\t<\/div>\n\t\t\t\n\t\t<\/div>\n\t\t\t\t\t\t<\/div>\n\t\t\t\t<\/div>\n\t\t\t\t<div class=\"elementor-element elementor-element-711bcfc elementor-position-inline-start elementor-view-default elementor-mobile-position-block-start elementor-widget elementor-widget-icon-box\" data-id=\"711bcfc\" data-element_type=\"widget\" data-e-type=\"widget\" data-widget_type=\"icon-box.default\">\n\t\t\t\t<div class=\"elementor-widget-container\">\n\t\t\t\t\t\t\t<div class=\"elementor-icon-box-wrapper\">\n\n\t\t\t\t\t\t<div class=\"elementor-icon-box-icon\">\n\t\t\t\t<span class=\"elementor-icon\">\n\t\t\t\t<i aria-hidden=\"true\" class=\"far fa-heart\"><\/i>\t\t\t\t<\/span>\n\t\t\t<\/div>\n\t\t\t\n\t\t\t\t\t\t<div class=\"elementor-icon-box-content\">\n\n\t\t\t\t\t\t\t\t\t<h3 class=\"elementor-icon-box-title\">\n\t\t\t\t\t\t<span>\n\t\t\t\t\t\t\tVALORES\t\t\t\t\t\t<\/span>\n\t\t\t\t\t<\/h3>\n\t\t\t\t\n\t\t\t\t\t\t\t\t\t<p class=\"elementor-icon-box-description\">\n\t\t\t\t\t\t<strong>TRANSPARENCIA: <\/strong>En la utilizaci\u00f3n de procedimientos claros que respondan a intereses colectivos y no particulares, para tomar decisiones.<br>\n<strong>RESPONSABILIDAD SOCIAL:<\/strong> Para asumir los roles que cada miembro de la comunidad debe desempe\u00f1ar.<br>\n<strong>EQUIDAD: <\/strong>Para atender las necesidades e intereses del cliente interno y externo.\n\t\t\t\t\t<\/p>\n\t\t\t\t\n\t\t\t<\/div>\n\t\t\t\n\t\t<\/div>\n\t\t\t\t\t\t<\/div>\n\t\t\t\t<\/div>\n\t\t\t\t\t<\/div>\n\t\t<\/div>\n\t\t\t\t<div class=\"elementor-column elementor-col-50 elementor-inner-column elementor-element elementor-element-8ef63d5\" data-id=\"8ef63d5\" data-element_type=\"column\" data-e-type=\"column\">\n\t\t\t<div class=\"elementor-widget-wrap elementor-element-populated\">\n\t\t\t\t\t\t<div class=\"elementor-element elementor-element-1dfbe56 elementor-position-inline-start elementor-view-default elementor-mobile-position-block-start elementor-widget elementor-widget-icon-box\" data-id=\"1dfbe56\" data-element_type=\"widget\" data-e-type=\"widget\" data-widget_type=\"icon-box.default\">\n\t\t\t\t<div class=\"elementor-widget-container\">\n\t\t\t\t\t\t\t<div class=\"elementor-icon-box-wrapper\">\n\n\t\t\t\t\t\t<div class=\"elementor-icon-box-icon\">\n\t\t\t\t<span class=\"elementor-icon\">\n\t\t\t\t<i aria-hidden=\"true\" class=\"far fa-eye\"><\/i>\t\t\t\t<\/span>\n\t\t\t<\/div>\n\t\t\t\n\t\t\t\t\t\t<div class=\"elementor-icon-box-content\">\n\n\t\t\t\t\t\t\t\t\t<h3 class=\"elementor-icon-box-title\">\n\t\t\t\t\t\t<span>\n\t\t\t\t\t\t\tVISI\u00d3N\t\t\t\t\t\t<\/span>\n\t\t\t\t\t<\/h3>\n\t\t\t\t\n\t\t\t\t\t\t\t\t\t<p class=\"elementor-icon-box-description\">\n\t\t\t\t\t\tSer l\u00edder nacional en difusi\u00f3n, producci\u00f3n de informaci\u00f3n y entretenimiento de alta calidad para satisfacci\u00f3n de nuestros televidentes, anunciantes y accionistas.\t\t\t\t\t<\/p>\n\t\t\t\t\n\t\t\t<\/div>\n\t\t\t\n\t\t<\/div>\n\t\t\t\t\t\t<\/div>\n\t\t\t\t<\/div>\n\t\t\t\t<div class=\"elementor-element elementor-element-cbad002 elementor-position-inline-start elementor-view-default elementor-mobile-position-block-start elementor-widget elementor-widget-icon-box\" data-id=\"cbad002\" data-element_type=\"widget\" data-e-type=\"widget\" data-widget_type=\"icon-box.default\">\n\t\t\t\t<div class=\"elementor-widget-container\">\n\t\t\t\t\t\t\t<div class=\"elementor-icon-box-wrapper\">\n\n\t\t\t\t\t\t<div class=\"elementor-icon-box-icon\">\n\t\t\t\t<span class=\"elementor-icon\">\n\t\t\t\t<i aria-hidden=\"true\" class=\"far fa-dot-circle\"><\/i>\t\t\t\t<\/span>\n\t\t\t<\/div>\n\t\t\t\n\t\t\t\t\t\t<div class=\"elementor-icon-box-content\">\n\n\t\t\t\t\t\t\t\t\t<h3 class=\"elementor-icon-box-title\">\n\t\t\t\t\t\t<span>\n\t\t\t\t\t\t\tOBJETIVOS\t\t\t\t\t\t<\/span>\n\t\t\t\t\t<\/h3>\n\t\t\t\t\n\t\t\t\t\t\t\t\t\t<p class=\"elementor-icon-box-description\">\n\t\t\t\t\t\t<strong>Generales<\/strong>\n\n<br><\/p><ul> <li>Captar televidentes de todas las edades.<\/li><\/ul>\n\n<strong>Espec\u00edficos&lt;\/strong\n<br><li>Incentivar a peque\u00f1os, medianos, grandes comerciantes y empresarios para que promocionen sus productos mediante el canal.<\/li>\n<li>Formar un equipo de trabajo en el cual todos est\u00e9n dispuestos a dar su aporte, tanto intelectual como creativo.<\/li>\n<li>Obtener el 10% de rentabilidad neta para cubrir costes y a su vez invertir en la infraestructura del canal para competir a nivel nacional.<\/li>\n <li>Tecnificar el canal para mejorar el producto y competir nacionalmente.<\/li>\n<li>Crear nueva programaci\u00f3n para satisfacer las necesidades de los televidentes.\n<\/li>\t\t\t\t\t\n\t\t\t\t\n\t\t\t<\/strong><\/div>\n\t\t\t\n\t\t<\/div>\n\t\t\t\t\t\t<\/div>\n\t\t\t\t<\/div>\n\t\t\t\t\t<\/div>\n\t\t<\/div>\n\t\t\t\t\t<\/div>\n\t\t<\/section>\n\t\t\t\t\t<\/div>\n\t\t<\/div>\n\t\t\t\t\t<\/div>\n\t\t<\/section>\n\t\t\t\t<\/div>\n\t\t<\/body>","protected":false},"excerpt":{"rendered":"<p>HISTORIA En 1999, Radio Zaracay cumpli\u00f3 40 a\u00f1os de servicio al pa\u00eds, y H\u00f3lger dio un paso trascendental en el a\u00f1o 2000 con la instalaci\u00f3n del m\u00e1s moderno medio de comunicaci\u00f3n, Zaracay TV-Canal 5 de televisi\u00f3n.\u00a0 Su deseo era promover el desarrollo de la regi\u00f3n y su zona de influencia. \u00a0 En efecto, la regi\u00f3n [&hellip;]<\/p>\n","protected":false},"author":1,"featured_media":0,"parent":0,"menu_order":0,"comment_status":"closed","ping_status":"closed","template":"page-templates\/breadcrumb.php","meta":{"om_disable_all_campaigns":false,"_joinchat":[],"footnotes":""},"class_list":["post-2291","page","type-page","status-publish","hentry"],"_links":{"self":[{"href":"https:\/\/zaracaytv.com\/index.php?rest_route=\/wp\/v2\/pages\/2291","targetHints":{"allow":["GET"]}}],"collection":[{"href":"https:\/\/zaracaytv.com\/index.php?rest_route=\/wp\/v2\/pages"}],"about":[{"href":"https:\/\/zaracaytv.com\/index.php?rest_route=\/wp\/v2\/types\/page"}],"author":[{"embeddable":true,"href":"https:\/\/zaracaytv.com\/index.php?rest_route=\/wp\/v2\/users\/1"}],"replies":[{"embeddable":true,"href":"https:\/\/zaracaytv.com\/index.php?rest_route=%2Fwp%2Fv2%2Fcomments&post=2291"}],"version-history":[{"count":1,"href":"https:\/\/zaracaytv.com\/index.php?rest_route=\/wp\/v2\/pages\/2291\/revisions"}],"predecessor-version":[{"id":16456,"href":"https:\/\/zaracaytv.com\/index.php?rest_route=\/wp\/v2\/pages\/2291\/revisions\/16456"}],"wp:attachment":[{"href":"https:\/\/zaracaytv.com\/index.php?rest_route=%2Fwp%2Fv2%2Fmedia&parent=2291"}],"curies":[{"name":"wp","href":"https:\/\/api.w.org\/{rel}","templated":true}]}}